{"id":5122,"date":"2023-10-19T10:36:57","date_gmt":"2023-10-19T08:36:57","guid":{"rendered":"https:\/\/www.marionaescoda.com\/?page_id=5122"},"modified":"2023-11-08T13:11:57","modified_gmt":"2023-11-08T11:11:57","slug":"declaracio-accessibilitat","status":"publish","type":"page","link":"https:\/\/www.marionaescoda.com\/es\/declaracio-accessibilitat\/","title":{"rendered":"Pol\u00edtica de accesibilidad"},"content":{"rendered":"<section class=\"wpb-content-wrapper\"><div  class=\"vc_row wpb_row vc_row-fluid in_container\"><div class=\"wpb_column vc_column_container vc_col-sm-12\"><div class=\"vc_column-inner\"><div class=\"wpb_wrapper\">\n\t<div class=\"wpb_text_column wpb_content_element\" >\n\t\t<div class=\"wpb_wrapper\">\n\t\t\t<div class=\"elementor-element elementor-element-df14122 elementor-widget elementor-widget-heading\" data-id=\"df14122\" data-element_type=\"widget\" data-widget_type=\"heading.default\">\n<div class=\"elementor-widget-container\">\n<h4 class=\"elementor-heading-title elementor-size-default\" style=\"text-align: left;\">Declaraci\u00f3n de Accesibilidad de marionaescoda.com<\/h4>\n<\/div>\n<\/div>\n<div class=\"elementor-element elementor-element-b924098 elementor-widget elementor-widget-text-editor\" data-id=\"b924098\" data-element_type=\"widget\" data-widget_type=\"text-editor.default\">\n<div class=\"elementor-widget-container\">\n<p><strong><b>Mariona Escoda Sendra<\/b> <\/strong>se ha comprometido a hacer accesibles su sitio web de conformidad con los criterios de accesibilidad del Programa Kit Digital, conforme a los anexos de la norma\u00a0<strong>UNE-EN 301 549:2022<\/strong>.<\/p>\n<p>La presente declaraci\u00f3n de accesibilidad se aplica al sitio web <a href=\"https:\/\/www.marionaescoda.com\/es\/\"><b>marionaescoda.com<\/b><\/a> (los subdominios de este sitio web tendr\u00e1n sus propias declaraciones de accesibilidad).<\/p>\n<h5 style=\"text-align: left;\">Situaci\u00f3n de cumplimiento<\/h5>\n<p>Este sitio es parcialmente conforme estando los aspectos de accesibilidad con los que se conforma la presente web.<\/p>\n<h5 style=\"text-align: left;\">Contenido no accesible<\/h5>\n<p>En cambio, el contenido de los puntos que se recogen a continuaci\u00f3n no son accesibles por los siguientes motivos:<\/p>\n<p><strong>9.1.1.1 Contenido no textual.<\/strong><\/p>\n<p>Cuando las TIC sean una p\u00e1gina web.<\/p>\n<p>Todo contenido no textual que se presenta al usuario tiene una alternativa textual que cumple el mismo prop\u00f3sito, excepto en las situaciones enumeradas a continuaci\u00f3n:<\/p>\n<ul>\n<li>Controles, Entrada de datos: Si el contenido no textual es un control o acepta datos introducidos por el usuario, entonces tiene un nombre que describe el prop\u00f3sito.<\/li>\n<li>Contenido multimedia tempo dependiente: Si el contenido no textual es una presentaci\u00f3n multimedia con desarrollo temporal, entonces las alternativas textuales proporcionan al menos una identificaci\u00f3n descriptiva del contenido no textual.<\/li>\n<li>Pruebas: Si el contenido no textual es una prueba o ejercicio que no ser\u00eda v\u00e1lido si se presentara en forma de texto, entonces las alternativas textuales proporcionar\u00e1n al menos una identificaci\u00f3n descriptiva del contenido no textual.<\/li>\n<li>Sensorial: Si el contenido no textual tiene como objetivo principal crear una experiencia sensorial espec\u00edfica, entonces las alternativas textuales proporcionan al menos una identificaci\u00f3n descriptiva del contenido no textual.<\/li>\n<li>CAPTCHA: Si el prop\u00f3sito del contenido no textual es confirmar que quien est\u00e1 accediendo al contenido es una persona y no una computadora, entonces se proporcionar\u00e1n alternativas textuales que identifica y describe el prop\u00f3sito del contenido no textual y se proporcionan formas alternativas de CAPTCHA con m\u00f3dulos de salida para distintos tipos de percepciones sensoriales, con el fin de acomodarse a las distintas discapacidades.<\/li>\n<li>Decoraci\u00f3n, Formato, Invisible: Si el contenido no textual es simple decoraci\u00f3n, se utiliza \u00fanicamente para definir el formato visual o no se presenta a los usuarios, entonces se implementa de forma que pueda ser ignorado por las ayudas t\u00e9cnicas.<\/li>\n<\/ul>\n<p><strong>9.1.3.1 Informaci\u00f3n y relaciones.<\/strong><\/p>\n<p>Cuando las TIC sean una p\u00e1gina web.<\/p>\n<p>La informaci\u00f3n, estructura y relaciones comunicadas a trav\u00e9s de la presentaci\u00f3n pueden ser determinadas por software o est\u00e1n disponibles como texto.<\/p>\n<h5 style=\"text-align: left;\">Preparaci\u00f3n de la presente declaraci\u00f3n de accesibilidad<\/h5>\n<p>La presente declaraci\u00f3n fue preparada el<strong> 8 de noviembre de 2023<\/strong>.<\/p>\n<p>El m\u00e9todo empleado para preparar la declaraci\u00f3n ha sido una autoevaluaci\u00f3n, potada a cabo por la propia empresa con el apoyo de Equalweb Digital\u00a0<span class=\"hiddenSpellError\">Accessibility<\/span>.<\/p>\n<p>\u00daltima revisi\u00f3n de la declaraci\u00f3n: <strong>8 de noviembre de 2023<\/strong>.<\/p>\n<h5 style=\"text-align: left;\">Observaciones y datos de contacto<\/h5>\n<p>Puede realizar comunicaciones sobre requisitos de accesibilidad (art\u00edculo 10.2.a) del Real Decreto 1112\/2018, de 7 de septiembre) como, por ejemplo:<\/p>\n<ul>\n<li>Informar sobre cualquier posible incumplimiento por parte de este sitio web.<\/li>\n<li>Transmitir otras dificultades de acceso al contenido.<\/li>\n<li>Formular cualquier otra consulta o sugerencia de mejora relativa a la accesibilidad del sitio web.<\/li>\n<\/ul>\n<p>A trav\u00e9s de las siguientes v\u00edas:<\/p>\n<ul>\n<li>Correo electr\u00f3nico: <a href=\"mailto:marionaescoda@gmail.com\"><span class=\"s1\"><strong>marionaescoda@gmail.com<\/strong><\/span><\/a><\/li>\n<\/ul>\n<p>Las Comunicaciones ser\u00e1n recibidas y tratadas por el departamento responsable de los contenidos de este sitio web.<\/p>\n<h5 style=\"text-align: left;\">Solicitudes de informaci\u00f3n accesible y quejas<\/h5>\n<p>Tambi\u00e9n puede solicitar en formato accesible la informaci\u00f3n que no cumpla con los requisitos de accesibilidad, bien por estar excluida, bien por estar exenta por carga desproporcionada, o formular una queja por incumplimiento de los requisitos de accesibilidad.<\/p>\n<h5 style=\"text-align: left;\">Procedimiento de aplicaci\u00f3n<\/h5>\n<p>A trav\u00e9s de este procedimiento podr\u00e1 iniciar una reclamaci\u00f3n para conocer y oponerse a los motivos de la desestimaci\u00f3n de una solicitud de informaci\u00f3n accesible o queja a instar la adopci\u00f3n de las medidas oportunas en caso de no estar de acuerdo con la decisi\u00f3n adoptada, o exponer las razones por las que se considera que la respuesta no cumple con los requisitos exigidos.<\/p>\n<p>Utilice los datos de contacto anteriormente expuestos y la reclamaci\u00f3n ser\u00e1 dirigida a la Unidad responsable de accesibilidad, oa un superior jer\u00e1rquico de la misma.<\/p>\n<h5 style=\"text-align: left;\">Contenido opcional<\/h5>\n<p>El sitio web:<\/p>\n<ul>\n<li>Se ha dise\u00f1ado adapt\u00e1ndose a los est\u00e1ndares y normativas vigentes en relaci\u00f3n con la accesibilidad, cumpliendo con los puntos de verificaci\u00f3n de prioridad 2 (AA) definidos en la especificaci\u00f3n de Pautas de Accesibilidad al Contenido en la Web (WCAG 2.1) .<\/li>\n<li>Est\u00e1 optimizado por las \u00faltimas versiones vigentes de Chrome, Edge, Firefox, Safari y Opera.<\/li>\n<li>Est\u00e1 dise\u00f1ado para su correcta visualizaci\u00f3n en cualquier resoluci\u00f3n y dispositivo de escritorio, tableta o m\u00f3viles (dise\u00f1o responsive).<\/li>\n<li>Las tecnolog\u00edas web en las que se basa la conformidad de la accesibilidad del presente sitio son\u00a0<strong>HTML5, CSS, ECMA Script 5, DOM, SVG, as\u00ed como otras tecnolog\u00edas<\/strong>.<\/li>\n<\/ul>\n<p>Adicionalmente, se realiza un trabajo continuo de auditor\u00eda y revisi\u00f3n de contenidos para facilitar su interpretaci\u00f3n y mejorar la navegaci\u00f3n por el portal web.<\/p>\n<\/div>\n<\/div>\n\n\t\t<\/div>\n\t<\/div>\n<div class=\"vc_empty_space\"   style=\"height: 120px\"><span class=\"vc_empty_space_inner\"><\/span><\/div><\/div><\/div><\/div><\/div>\n<\/section>","protected":false},"excerpt":{"rendered":"Declaraci\u00f3n de Accesibilidad de marionaescoda.com Mariona Escoda Sendra se ha comprometido a hacer accesibles su sitio web de conformidad con los criterios de accesibilidad del Programa Kit Digital, conforme a los Anexos de la norma UNE-EN 301 549:2022. La presente declaraci\u00f3n de accesibilidad se aplica en el sitio web marionaescoda.com (los subdominios de este sitio web tendr\u00e1n sus propias declaraciones de accesibilidad). Situaci\u00f3n de cumplimiento Este sitio es parcialmente conforme estando los aspectos de accesibilidad con los que se conforma la presente web. Contenido no accesible En cambio, el [...]","protected":false},"author":1,"featured_media":0,"parent":0,"menu_order":0,"comment_status":"closed","ping_status":"closed","template":"","meta":{"inline_featured_image":false,"footnotes":""},"yoast_head":"<!-- This site is optimized with the Yoast SEO plugin v21.7 - https:\/\/yoast.com\/wordpress\/plugins\/seo\/ -->\n<title>Pol\u00edtica d&#039;accessibilitat - Mariona Escoda - Web oficial<\/title>\n<meta name=\"robots\" content=\"index, follow, max-snippet:-1, max-image-preview:large, max-video-preview:-1\" \/>\n<link rel=\"canonical\" href=\"https:\/\/www.marionaescoda.com\/es\/declaracio-accessibilitat\/\" \/>\n<meta property=\"og:locale\" content=\"es_ES\" \/>\n<meta property=\"og:type\" content=\"article\" \/>\n<meta property=\"og:title\" content=\"Pol\u00edtica d&#039;accessibilitat - Mariona Escoda - Web oficial\" \/>\n<meta property=\"og:url\" content=\"https:\/\/www.marionaescoda.com\/es\/declaracio-accessibilitat\/\" \/>\n<meta property=\"og:site_name\" content=\"Mariona Escoda - Web oficial\" \/>\n<meta property=\"article:publisher\" content=\"https:\/\/www.facebook.com\/marionaescodasendra\/\" \/>\n<meta property=\"article:modified_time\" content=\"2023-11-08T11:11:57+00:00\" \/>\n<meta name=\"twitter:card\" content=\"summary_large_image\" \/>\n<meta name=\"twitter:site\" content=\"@marionaescoda\" \/>\n<meta name=\"twitter:label1\" content=\"Tiempo de lectura\" \/>\n\t<meta name=\"twitter:data1\" content=\"4 minutos\" \/>\n<script type=\"application\/ld+json\" class=\"yoast-schema-graph\">{\"@context\":\"https:\/\/schema.org\",\"@graph\":[{\"@type\":\"WebPage\",\"@id\":\"https:\/\/www.marionaescoda.com\/declaracio-accessibilitat\/\",\"url\":\"https:\/\/www.marionaescoda.com\/declaracio-accessibilitat\/\",\"name\":\"Pol\u00edtica d'accessibilitat - Mariona Escoda - Web oficial\",\"isPartOf\":{\"@id\":\"https:\/\/www.marionaescoda.com\/#website\"},\"datePublished\":\"2023-10-19T08:36:57+00:00\",\"dateModified\":\"2023-11-08T11:11:57+00:00\",\"breadcrumb\":{\"@id\":\"https:\/\/www.marionaescoda.com\/declaracio-accessibilitat\/#breadcrumb\"},\"inLanguage\":\"es\",\"potentialAction\":[{\"@type\":\"ReadAction\",\"target\":[\"https:\/\/www.marionaescoda.com\/declaracio-accessibilitat\/\"]}]},{\"@type\":\"BreadcrumbList\",\"@id\":\"https:\/\/www.marionaescoda.com\/declaracio-accessibilitat\/#breadcrumb\",\"itemListElement\":[{\"@type\":\"ListItem\",\"position\":1,\"name\":\"Inici\",\"item\":\"https:\/\/www.marionaescoda.com\/\"},{\"@type\":\"ListItem\",\"position\":2,\"name\":\"Pol\u00edtica d&#8217;accessibilitat\"}]},{\"@type\":\"WebSite\",\"@id\":\"https:\/\/www.marionaescoda.com\/#website\",\"url\":\"https:\/\/www.marionaescoda.com\/\",\"name\":\"Mariona Escoda - Web oficial\",\"description\":\"Cantant, compositora i int\u00e8rpret\",\"publisher\":{\"@id\":\"https:\/\/www.marionaescoda.com\/#\/schema\/person\/c7174fb3087bfd1ec18042f5ac315b24\"},\"potentialAction\":[{\"@type\":\"SearchAction\",\"target\":{\"@type\":\"EntryPoint\",\"urlTemplate\":\"https:\/\/www.marionaescoda.com\/?s={search_term_string}\"},\"query-input\":\"required name=search_term_string\"}],\"inLanguage\":\"es\"},{\"@type\":[\"Person\",\"Organization\"],\"@id\":\"https:\/\/www.marionaescoda.com\/#\/schema\/person\/c7174fb3087bfd1ec18042f5ac315b24\",\"name\":\"Mariona Escoda\",\"image\":{\"@type\":\"ImageObject\",\"inLanguage\":\"es\",\"@id\":\"https:\/\/www.marionaescoda.com\/#\/schema\/person\/image\/\",\"url\":\"https:\/\/www.marionaescoda.com\/wp-content\/uploads\/2023\/11\/LOGO_MARIONA_NEGRE_184x80.png\",\"contentUrl\":\"https:\/\/www.marionaescoda.com\/wp-content\/uploads\/2023\/11\/LOGO_MARIONA_NEGRE_184x80.png\",\"width\":184,\"height\":80,\"caption\":\"Mariona Escoda\"},\"logo\":{\"@id\":\"https:\/\/www.marionaescoda.com\/#\/schema\/person\/image\/\"},\"sameAs\":[\"https:\/\/www.facebook.com\/marionaescodasendra\/\",\"https:\/\/www.instagram.com\/marionaescoda\/\",\"https:\/\/twitter.com\/https:\/\/twitter.com\/marionaescoda\",\"https:\/\/www.youtube.com\/channel\/UC_97DSVzzRp28ew8nKB255g\"]}]}<\/script>\n<!-- \/ Yoast SEO plugin. -->","yoast_head_json":{"title":"Pol\u00edtica d'accessibilitat - Mariona Escoda - Web oficial","robots":{"index":"index","follow":"follow","max-snippet":"max-snippet:-1","max-image-preview":"max-image-preview:large","max-video-preview":"max-video-preview:-1"},"canonical":"https:\/\/www.marionaescoda.com\/es\/declaracio-accessibilitat\/","og_locale":"es_ES","og_type":"article","og_title":"Pol\u00edtica d'accessibilitat - Mariona Escoda - Web oficial","og_url":"https:\/\/www.marionaescoda.com\/es\/declaracio-accessibilitat\/","og_site_name":"Mariona Escoda - Web oficial","article_publisher":"https:\/\/www.facebook.com\/marionaescodasendra\/","article_modified_time":"2023-11-08T11:11:57+00:00","twitter_card":"summary_large_image","twitter_site":"@marionaescoda","twitter_misc":{"Tiempo de lectura":"4 minutos"},"schema":{"@context":"https:\/\/schema.org","@graph":[{"@type":"WebPage","@id":"https:\/\/www.marionaescoda.com\/declaracio-accessibilitat\/","url":"https:\/\/www.marionaescoda.com\/declaracio-accessibilitat\/","name":"Pol\u00edtica d'accessibilitat - Mariona Escoda - Web oficial","isPartOf":{"@id":"https:\/\/www.marionaescoda.com\/#website"},"datePublished":"2023-10-19T08:36:57+00:00","dateModified":"2023-11-08T11:11:57+00:00","breadcrumb":{"@id":"https:\/\/www.marionaescoda.com\/declaracio-accessibilitat\/#breadcrumb"},"inLanguage":"es","potentialAction":[{"@type":"ReadAction","target":["https:\/\/www.marionaescoda.com\/declaracio-accessibilitat\/"]}]},{"@type":"BreadcrumbList","@id":"https:\/\/www.marionaescoda.com\/declaracio-accessibilitat\/#breadcrumb","itemListElement":[{"@type":"ListItem","position":1,"name":"Inici","item":"https:\/\/www.marionaescoda.com\/"},{"@type":"ListItem","position":2,"name":"Pol\u00edtica d&#8217;accessibilitat"}]},{"@type":"WebSite","@id":"https:\/\/www.marionaescoda.com\/#website","url":"https:\/\/www.marionaescoda.com\/","name":"Mariona Escoda - Web oficial","description":"Cantant, compositora i int\u00e8rpret","publisher":{"@id":"https:\/\/www.marionaescoda.com\/#\/schema\/person\/c7174fb3087bfd1ec18042f5ac315b24"},"potentialAction":[{"@type":"SearchAction","target":{"@type":"EntryPoint","urlTemplate":"https:\/\/www.marionaescoda.com\/?s={search_term_string}"},"query-input":"required name=search_term_string"}],"inLanguage":"es"},{"@type":["Person","Organization"],"@id":"https:\/\/www.marionaescoda.com\/#\/schema\/person\/c7174fb3087bfd1ec18042f5ac315b24","name":"Mariona Escoda","image":{"@type":"ImageObject","inLanguage":"es","@id":"https:\/\/www.marionaescoda.com\/#\/schema\/person\/image\/","url":"https:\/\/www.marionaescoda.com\/wp-content\/uploads\/2023\/11\/LOGO_MARIONA_NEGRE_184x80.png","contentUrl":"https:\/\/www.marionaescoda.com\/wp-content\/uploads\/2023\/11\/LOGO_MARIONA_NEGRE_184x80.png","width":184,"height":80,"caption":"Mariona Escoda"},"logo":{"@id":"https:\/\/www.marionaescoda.com\/#\/schema\/person\/image\/"},"sameAs":["https:\/\/www.facebook.com\/marionaescodasendra\/","https:\/\/www.instagram.com\/marionaescoda\/","https:\/\/twitter.com\/https:\/\/twitter.com\/marionaescoda","https:\/\/www.youtube.com\/channel\/UC_97DSVzzRp28ew8nKB255g"]}]}},"jetpack_sharing_enabled":true,"_links":{"self":[{"href":"https:\/\/www.marionaescoda.com\/es\/wp-json\/wp\/v2\/pages\/5122"}],"collection":[{"href":"https:\/\/www.marionaescoda.com\/es\/wp-json\/wp\/v2\/pages"}],"about":[{"href":"https:\/\/www.marionaescoda.com\/es\/wp-json\/wp\/v2\/types\/page"}],"author":[{"embeddable":true,"href":"https:\/\/www.marionaescoda.com\/es\/wp-json\/wp\/v2\/users\/1"}],"replies":[{"embeddable":true,"href":"https:\/\/www.marionaescoda.com\/es\/wp-json\/wp\/v2\/comments?post=5122"}],"version-history":[{"count":5,"href":"https:\/\/www.marionaescoda.com\/es\/wp-json\/wp\/v2\/pages\/5122\/revisions"}],"predecessor-version":[{"id":5429,"href":"https:\/\/www.marionaescoda.com\/es\/wp-json\/wp\/v2\/pages\/5122\/revisions\/5429"}],"wp:attachment":[{"href":"https:\/\/www.marionaescoda.com\/es\/wp-json\/wp\/v2\/media?parent=5122"}],"curies":[{"name":"wp","href":"https:\/\/api.w.org\/{rel}","templated":true}]}}