{"id":5124,"date":"2023-10-19T10:38:11","date_gmt":"2023-10-19T08:38:11","guid":{"rendered":"https:\/\/www.marionaescoda.com\/?page_id=5124"},"modified":"2023-11-08T12:38:26","modified_gmt":"2023-11-08T10:38:26","slug":"politica-privacitat","status":"publish","type":"page","link":"https:\/\/www.marionaescoda.com\/es\/politica-privacitat\/","title":{"rendered":"Aviso legal y pol\u00edtica de privacidad"},"content":{"rendered":"<section class=\"wpb-content-wrapper\"><div  class=\"vc_row wpb_row vc_row-fluid in_container\"><div class=\"wpb_column vc_column_container vc_col-sm-12\"><div class=\"vc_column-inner\"><div class=\"wpb_wrapper\">\n\t<div class=\"wpb_text_column wpb_content_element\" >\n\t\t<div class=\"wpb_wrapper\">\n\t\t\t<h4 style=\"text-align: left;\">Aviso legal<\/h4>\n<p class=\"p1\">1. El titular de este sitio web es\u00a0<b>Mariona Escoda Sendra\u00a0<\/b>con NIF 77792234R y residente en Valls (Tarragona).<\/p>\n<p class=\"p1\">2. El acceso a este sitio web es gratuito. Todo el contenido es propiedad intelectual de\u00a0<b>Mariona Escoda Sendra<\/b>. Cualquier utilizaci\u00f3n de los mismos contraria a las normas en materia de propiedad intelectual ser\u00e1 perseguida de acuerdo con la legislaci\u00f3n vigente.<\/p>\n<h4 style=\"text-align: left;\">Pol\u00edtica de privacidad<\/h4>\n<p class=\"p1\"><b>Nombre completo:<\/b><\/p>\n<p class=\"p1\"><b>Mariona Escoda Sendra<\/b><\/p>\n<p class=\"p1\"><b>43800 Valls (Tarragona)<\/b><\/p>\n<ol class=\"ol1\">\n<li class=\"li3\">\n<h5 style=\"text-align: left;\">Uso y tratamiento de datos de car\u00e1cter personal<\/h5>\n<p class=\"p1\"><b>Mariona Escoda Sendra\u00a0<\/b>\u00a0le informa que los datos de car\u00e1cter personal que puedan proporcionarse, a trav\u00e9s de la website, as\u00ed como los que pudiera facilitar en el futuro en el marco de su relaci\u00f3n jur\u00eddica con esta entidad, ser\u00e1n incorporados en los ficheros titularidad de\u00a0<b>Mariona Escoda Sendra<\/b>, los datos constan en el encabezamiento.<\/p>\n<p class=\"p1\">Estos archivos tienen la finalidad de gestionar, administrar, prestarle los servicios o facilitarle los productos que solicite. Y en su caso, para el cumplimiento y ejecuci\u00f3n de los contratos que pudiera celebrar, conocer mejor sus gustos, adecuar los servicios a sus preferencias, as\u00ed como poder ofrecerle nuevos servicios o productos y enviarle informaci\u00f3n relacionada con las actividades de<b>\u00a0Mariona Escoda Sendra,<\/b>\u00a0a trav\u00e9s de cualquier medio, incluso electr\u00f3nico. Los destinatarios de la informaci\u00f3n recogida ser\u00e1n, principalmente, los empleados de\u00a0<b>Mariona Escoda Sendra.<\/b><\/p>\n<p class=\"p1\">Salvo en los campos en los que expresamente se determine lo contrario por medio de un asterisco (*), las respuestas a las preguntas sobre datos personales son voluntarias, sin que la falta de contestaci\u00f3n a estas preguntas implique una merma en la calidad de los servicios que usted solicita. La falta de cumplimentaci\u00f3n de los campos determinados como obligatorios o el suministro de datos incorrectos imposibilitar\u00e1 que\u00a0<b>Mariona Escoda Sendra\u00a0<\/b>pueda prestarle los servicios que solicite.<\/p>\n<p class=\"p1\">El consentimiento otorgado por el tratamiento de sus datos personales, puede ser revocado en cualquier momento, dirigi\u00e9ndose a la direcci\u00f3n de\u00a0<a href=\"https:\/\/www.marionaescoda.com\/es\/\"><b>marionaescoda.com<\/b><\/a><\/p>\n<p class=\"p1\">Los usuarios garantizan y responden, en cualquier caso, la exactitud, vigencia y autenticidad de los datos personales facilitados y se comprometen a mantenerlos debidamente actualizados.<\/p>\n<\/li>\n<li class=\"li3\">\n<h5 style=\"text-align: left;\">Ejercicio de derechos: acceso, rectificaci\u00f3n, cancelaci\u00f3n y oposici\u00f3n<\/h5>\n<p class=\"p1\">Aquellas personas f\u00edsicas que hayan facilitado sus datos a\u00a0<b>Mariona Escoda Sendra<\/b>\u00a0podr\u00e1n ejercitar gratuitamente los derechos de acceso, rectificaci\u00f3n, cancelaci\u00f3n y oposici\u00f3n respecto a los datos incorporados a los ficheros de\u00a0<a href=\"https:\/\/www.marionaescoda.com\/es\/\"><b>marionaescoda.com<\/b><\/a><\/p>\n<p class=\"p1\">Dado el car\u00e1cter confidencial de la informaci\u00f3n, no podr\u00e1 ejercitar sus derechos telef\u00f3nicamente, debe solicitarlo por cualquier medio que deje constancia de su env\u00edo y de su recepci\u00f3n y remitir copia de su DNI o documento equivalente.<\/p>\n<p class=\"p1\">El interesado podr\u00e1 ejercitar sus derechos mediante comunicaci\u00f3n por escrito dirigida a<b>\u00a0Mariona Escoda Sendra<\/b> en la direcci\u00f3n indicada al inicio o en la direcci\u00f3n de correo electr\u00f3nico:<b>\u00a0<\/b><a href=\"mailto:marionaescoda@gmail.com\"><span class=\"s1\"><strong>marionaescoda@gmail.com<\/strong><\/span><\/a>.<\/p>\n<\/li>\n<li class=\"li3\">\n<h5 style=\"text-align: left;\">Medidas de seguridad<\/h5>\n<p class=\"p1\"><b>Mariona Escoda Sendra<\/b> le informa que tiene implantadas las medidas de seguridad de \u00edndole t\u00e9cnica y organizativas necesarias para garantizar la seguridad de sus datos de car\u00e1cter personal y evitar su alteraci\u00f3n, p\u00e9rdida y tratamiento y\/o acceso no autorizado. Teniendo en cuenta el estado de la tecnolog\u00eda, la naturaleza de los datos almacenados y los riesgos a los que est\u00e1n expuestos, provengan de la acci\u00f3n humana o del medio f\u00edsico o natural.<\/p>\n<p class=\"p1\">El usuario debe ser consciente de que las medidas de seguridad en Internet no son inexpugnables y enteramente fiables y que\u00a0<b>Mariona Escoda Sendra\u00a0<\/b>no puede garantizar la inexistencia de virus u otros elementos que puedan producir alteraciones en los sistemas inform\u00e1ticos (software y hardware) del usuario.<\/p>\n<\/li>\n<li class=\"li3\">\n<h5 style=\"text-align: left;\">Menores de edad<\/h5>\n<p class=\"p1\">En el supuesto de que alguno de los servicios y productos vayan dirigidos a menores de 14 a\u00f1os,\u00a0<b>Mariona Escoda Sendra<\/b>\u00a0solicitar\u00e1 el consentimiento de los padres o tutores para la recogida de datos personales del menor.<\/p>\n<p class=\"p1\"><b>Mariona Escoda Sendra<\/b>\u00a0no responde de aquellos datos de menores que se hayan facilitado sin el consentimiento de los padres o tutores.<\/p>\n<\/li>\n<li class=\"li3\">\n<h5 style=\"text-align: left;\">Modificaci\u00f3n de la pol\u00edtica de privacidad<\/h5>\n<p class=\"p1\"><b>Mariona Escoda Sendra<\/b>\u00a0se reserva el derecho a modificar su Pol\u00edtica de Privacidad, de acuerdo con su propio criterio, o motivado por un cambio doctrinal de la Autoridad competente en Protecci\u00f3n de Datos, legislativo o jurisprudencial. Cualquier modificaci\u00f3n de la Pol\u00edtica de Privacidad ser\u00e1 publicada, antes de su aplicaci\u00f3n efectiva. El uso de la web despu\u00e9s de estos cambios, implicar\u00e1 la aceptaci\u00f3n de \u00e9stos.<\/p>\n<\/li>\n<li class=\"li3\">\n<h5 style=\"text-align: left;\">Legislaci\u00f3n aplicable<\/h5>\n<p class=\"p1\">Cualquier controversia que se derive del uso de esta web, ser\u00e1 regida, interpretada y sometida de acuerdo a las leyes Espa\u00f1olas.<\/p>\n<\/li>\n<\/ol>\n\n\t\t<\/div>\n\t<\/div>\n<div class=\"vc_empty_space\"   style=\"height: 120px\"><span class=\"vc_empty_space_inner\"><\/span><\/div><\/div><\/div><\/div><\/div>\n<\/section>","protected":false},"excerpt":{"rendered":"Aviso legal 1. El titular de este sitio web es Mariona Escoda Sendra con NIF 77792234R y residente en Valls (Tarragona). 2. El acceso a este sitio web es gratuito. Todo su contenido es propiedad intelectual de Mariona Escoda Sendra. Cualquier utilizaci\u00f3n de los mismos contraria a las normas en materia de propiedad intelectual ser\u00e1 perseguida de acuerdo con la legislaci\u00f3n vigente. Pol\u00edtica de privacidad Nombre completo: Mariona Escoda Sendra 43800 Valls (Tarragona) Uso y tratamiento de datos de car\u00e1cter personal Mariona Escoda Sendra le informa que [...]","protected":false},"author":1,"featured_media":0,"parent":0,"menu_order":0,"comment_status":"closed","ping_status":"closed","template":"","meta":{"inline_featured_image":false,"footnotes":""},"yoast_head":"<!-- This site is optimized with the Yoast SEO plugin v21.7 - https:\/\/yoast.com\/wordpress\/plugins\/seo\/ -->\n<title>Av\u00eds legal i pol\u00edtica de privacitat - Mariona Escoda - Web oficial<\/title>\n<meta name=\"robots\" content=\"index, follow, max-snippet:-1, max-image-preview:large, max-video-preview:-1\" \/>\n<link rel=\"canonical\" href=\"https:\/\/www.marionaescoda.com\/es\/politica-privacitat\/\" \/>\n<meta property=\"og:locale\" content=\"es_ES\" \/>\n<meta property=\"og:type\" content=\"article\" \/>\n<meta property=\"og:title\" content=\"Av\u00eds legal i pol\u00edtica de privacitat - Mariona Escoda - Web oficial\" \/>\n<meta property=\"og:url\" content=\"https:\/\/www.marionaescoda.com\/es\/politica-privacitat\/\" \/>\n<meta property=\"og:site_name\" content=\"Mariona Escoda - Web oficial\" \/>\n<meta property=\"article:publisher\" content=\"https:\/\/www.facebook.com\/marionaescodasendra\/\" \/>\n<meta property=\"article:modified_time\" content=\"2023-11-08T10:38:26+00:00\" \/>\n<meta name=\"twitter:card\" content=\"summary_large_image\" \/>\n<meta name=\"twitter:site\" content=\"@marionaescoda\" \/>\n<meta name=\"twitter:label1\" content=\"Tiempo de lectura\" \/>\n\t<meta name=\"twitter:data1\" content=\"4 minutos\" \/>\n<script type=\"application\/ld+json\" class=\"yoast-schema-graph\">{\"@context\":\"https:\/\/schema.org\",\"@graph\":[{\"@type\":\"WebPage\",\"@id\":\"https:\/\/www.marionaescoda.com\/politica-privacitat\/\",\"url\":\"https:\/\/www.marionaescoda.com\/politica-privacitat\/\",\"name\":\"Av\u00eds legal i pol\u00edtica de privacitat - Mariona Escoda - Web oficial\",\"isPartOf\":{\"@id\":\"https:\/\/www.marionaescoda.com\/#website\"},\"datePublished\":\"2023-10-19T08:38:11+00:00\",\"dateModified\":\"2023-11-08T10:38:26+00:00\",\"breadcrumb\":{\"@id\":\"https:\/\/www.marionaescoda.com\/politica-privacitat\/#breadcrumb\"},\"inLanguage\":\"es\",\"potentialAction\":[{\"@type\":\"ReadAction\",\"target\":[\"https:\/\/www.marionaescoda.com\/politica-privacitat\/\"]}]},{\"@type\":\"BreadcrumbList\",\"@id\":\"https:\/\/www.marionaescoda.com\/politica-privacitat\/#breadcrumb\",\"itemListElement\":[{\"@type\":\"ListItem\",\"position\":1,\"name\":\"Inici\",\"item\":\"https:\/\/www.marionaescoda.com\/\"},{\"@type\":\"ListItem\",\"position\":2,\"name\":\"Av\u00eds legal i pol\u00edtica de privacitat\"}]},{\"@type\":\"WebSite\",\"@id\":\"https:\/\/www.marionaescoda.com\/#website\",\"url\":\"https:\/\/www.marionaescoda.com\/\",\"name\":\"Mariona Escoda - Web oficial\",\"description\":\"Cantant, compositora i int\u00e8rpret\",\"publisher\":{\"@id\":\"https:\/\/www.marionaescoda.com\/#\/schema\/person\/c7174fb3087bfd1ec18042f5ac315b24\"},\"potentialAction\":[{\"@type\":\"SearchAction\",\"target\":{\"@type\":\"EntryPoint\",\"urlTemplate\":\"https:\/\/www.marionaescoda.com\/?s={search_term_string}\"},\"query-input\":\"required name=search_term_string\"}],\"inLanguage\":\"es\"},{\"@type\":[\"Person\",\"Organization\"],\"@id\":\"https:\/\/www.marionaescoda.com\/#\/schema\/person\/c7174fb3087bfd1ec18042f5ac315b24\",\"name\":\"Mariona Escoda\",\"image\":{\"@type\":\"ImageObject\",\"inLanguage\":\"es\",\"@id\":\"https:\/\/www.marionaescoda.com\/#\/schema\/person\/image\/\",\"url\":\"https:\/\/www.marionaescoda.com\/wp-content\/uploads\/2023\/11\/LOGO_MARIONA_NEGRE_184x80.png\",\"contentUrl\":\"https:\/\/www.marionaescoda.com\/wp-content\/uploads\/2023\/11\/LOGO_MARIONA_NEGRE_184x80.png\",\"width\":184,\"height\":80,\"caption\":\"Mariona Escoda\"},\"logo\":{\"@id\":\"https:\/\/www.marionaescoda.com\/#\/schema\/person\/image\/\"},\"sameAs\":[\"https:\/\/www.facebook.com\/marionaescodasendra\/\",\"https:\/\/www.instagram.com\/marionaescoda\/\",\"https:\/\/twitter.com\/https:\/\/twitter.com\/marionaescoda\",\"https:\/\/www.youtube.com\/channel\/UC_97DSVzzRp28ew8nKB255g\"]}]}<\/script>\n<!-- \/ Yoast SEO plugin. -->","yoast_head_json":{"title":"Av\u00eds legal i pol\u00edtica de privacitat - Mariona Escoda - Web oficial","robots":{"index":"index","follow":"follow","max-snippet":"max-snippet:-1","max-image-preview":"max-image-preview:large","max-video-preview":"max-video-preview:-1"},"canonical":"https:\/\/www.marionaescoda.com\/es\/politica-privacitat\/","og_locale":"es_ES","og_type":"article","og_title":"Av\u00eds legal i pol\u00edtica de privacitat - Mariona Escoda - Web oficial","og_url":"https:\/\/www.marionaescoda.com\/es\/politica-privacitat\/","og_site_name":"Mariona Escoda - Web oficial","article_publisher":"https:\/\/www.facebook.com\/marionaescodasendra\/","article_modified_time":"2023-11-08T10:38:26+00:00","twitter_card":"summary_large_image","twitter_site":"@marionaescoda","twitter_misc":{"Tiempo de lectura":"4 minutos"},"schema":{"@context":"https:\/\/schema.org","@graph":[{"@type":"WebPage","@id":"https:\/\/www.marionaescoda.com\/politica-privacitat\/","url":"https:\/\/www.marionaescoda.com\/politica-privacitat\/","name":"Av\u00eds legal i pol\u00edtica de privacitat - Mariona Escoda - Web oficial","isPartOf":{"@id":"https:\/\/www.marionaescoda.com\/#website"},"datePublished":"2023-10-19T08:38:11+00:00","dateModified":"2023-11-08T10:38:26+00:00","breadcrumb":{"@id":"https:\/\/www.marionaescoda.com\/politica-privacitat\/#breadcrumb"},"inLanguage":"es","potentialAction":[{"@type":"ReadAction","target":["https:\/\/www.marionaescoda.com\/politica-privacitat\/"]}]},{"@type":"BreadcrumbList","@id":"https:\/\/www.marionaescoda.com\/politica-privacitat\/#breadcrumb","itemListElement":[{"@type":"ListItem","position":1,"name":"Inici","item":"https:\/\/www.marionaescoda.com\/"},{"@type":"ListItem","position":2,"name":"Av\u00eds legal i pol\u00edtica de privacitat"}]},{"@type":"WebSite","@id":"https:\/\/www.marionaescoda.com\/#website","url":"https:\/\/www.marionaescoda.com\/","name":"Mariona Escoda - Web oficial","description":"Cantant, compositora i int\u00e8rpret","publisher":{"@id":"https:\/\/www.marionaescoda.com\/#\/schema\/person\/c7174fb3087bfd1ec18042f5ac315b24"},"potentialAction":[{"@type":"SearchAction","target":{"@type":"EntryPoint","urlTemplate":"https:\/\/www.marionaescoda.com\/?s={search_term_string}"},"query-input":"required name=search_term_string"}],"inLanguage":"es"},{"@type":["Person","Organization"],"@id":"https:\/\/www.marionaescoda.com\/#\/schema\/person\/c7174fb3087bfd1ec18042f5ac315b24","name":"Mariona Escoda","image":{"@type":"ImageObject","inLanguage":"es","@id":"https:\/\/www.marionaescoda.com\/#\/schema\/person\/image\/","url":"https:\/\/www.marionaescoda.com\/wp-content\/uploads\/2023\/11\/LOGO_MARIONA_NEGRE_184x80.png","contentUrl":"https:\/\/www.marionaescoda.com\/wp-content\/uploads\/2023\/11\/LOGO_MARIONA_NEGRE_184x80.png","width":184,"height":80,"caption":"Mariona Escoda"},"logo":{"@id":"https:\/\/www.marionaescoda.com\/#\/schema\/person\/image\/"},"sameAs":["https:\/\/www.facebook.com\/marionaescodasendra\/","https:\/\/www.instagram.com\/marionaescoda\/","https:\/\/twitter.com\/https:\/\/twitter.com\/marionaescoda","https:\/\/www.youtube.com\/channel\/UC_97DSVzzRp28ew8nKB255g"]}]}},"jetpack_sharing_enabled":true,"_links":{"self":[{"href":"https:\/\/www.marionaescoda.com\/es\/wp-json\/wp\/v2\/pages\/5124"}],"collection":[{"href":"https:\/\/www.marionaescoda.com\/es\/wp-json\/wp\/v2\/pages"}],"about":[{"href":"https:\/\/www.marionaescoda.com\/es\/wp-json\/wp\/v2\/types\/page"}],"author":[{"embeddable":true,"href":"https:\/\/www.marionaescoda.com\/es\/wp-json\/wp\/v2\/users\/1"}],"replies":[{"embeddable":true,"href":"https:\/\/www.marionaescoda.com\/es\/wp-json\/wp\/v2\/comments?post=5124"}],"version-history":[{"count":15,"href":"https:\/\/www.marionaescoda.com\/es\/wp-json\/wp\/v2\/pages\/5124\/revisions"}],"predecessor-version":[{"id":5425,"href":"https:\/\/www.marionaescoda.com\/es\/wp-json\/wp\/v2\/pages\/5124\/revisions\/5425"}],"wp:attachment":[{"href":"https:\/\/www.marionaescoda.com\/es\/wp-json\/wp\/v2\/media?parent=5124"}],"curies":[{"name":"wp","href":"https:\/\/api.w.org\/{rel}","templated":true}]}}