{"id":5126,"date":"2023-10-19T10:38:29","date_gmt":"2023-10-19T08:38:29","guid":{"rendered":"https:\/\/www.marionaescoda.com\/?page_id=5126"},"modified":"2023-11-08T12:29:54","modified_gmt":"2023-11-08T10:29:54","slug":"politica-cookies","status":"publish","type":"page","link":"https:\/\/www.marionaescoda.com\/es\/politica-cookies\/","title":{"rendered":"Pol\u00edtica de cookies"},"content":{"rendered":"<section class=\"wpb-content-wrapper\"><div  class=\"vc_row wpb_row vc_row-fluid in_container\"><div class=\"wpb_column vc_column_container vc_col-sm-12\"><div class=\"vc_column-inner\"><div class=\"wpb_wrapper\">\n\t<div class=\"wpb_text_column wpb_content_element\" >\n\t\t<div class=\"wpb_wrapper\">\n\t\t\t<h5 class=\"p1\" style=\"text-align: left;\"><b>\u00bfQu\u00e9 son las cookies o cookies?<\/b><\/h5>\n<p class=\"p2\">Las cookies son archivos de informaci\u00f3n almacenados en su ordenador, tablet o smartphone que ayudan a las p\u00e1ginas web a recordar qui\u00e9n es usted y la informaci\u00f3n de su visita. Las cookies pueden ayudar a que la informaci\u00f3n se visualice en una p\u00e1gina web de forma af\u00edn a sus intereses. La mayor\u00eda de las principales p\u00e1ginas web utilizan cookies.<\/p>\n<p class=\"p2\">Qu\u00e9 cookies se utilizan en esta p\u00e1gina web:<\/p>\n<p class=\"p2\">Las cookies que utilizamos en esta p\u00e1gina web se agrupan a grandes rasgos en las siguientes categor\u00edas:<\/p>\n<p class=\"p2\"><b>Escenciales<\/b>\u00a0\u2013 Algunas de las cookies de nuestra web son esenciales para que podamos prestarle el servicio que usted ha solicitado. Un ejemplo de ello son las cookies utilizadas para permitir conectarse a su cuenta en la web, colocar productos en la cesta de la compra de alg\u00fan servicio, acto o concierto o las que permiten la comunicaci\u00f3n entre el navegador y la web.<span class=\"s1\"><br \/>\n<\/span><b>\u00a0<\/b><span class=\"s1\"><br \/>\n<\/span><b>Anal\u00edticas<\/b>\u00a0\u2013 Utilizamos cookies anal\u00edticas para ayudarnos a comprender qu\u00e9 uso hacen los usuarios de nuestra web. Por ejemplo, nos sirven para contar el n\u00famero de personas diferentes que visitan nuestra web o utilizan una caracter\u00edstica en concreto, en lugar del n\u00famero total de veces que se utiliza la web o la caracter\u00edstica. Sin esta cookie, si usted visita la web una vez por semana durante tres semanas, le contar\u00edamos c\u00f3mo tres usuarios independientes. Sin estas cookies, nos resultar\u00eda muy dif\u00edcil analizar el rendimiento de nuestra web y mejorarla.<\/p>\n<p class=\"p2\"><b>Cookies de usuario<\/b>\u00a0\u2013 Utilizamos cookies para mejorar y recordar sus preferencias. De esta forma, sabemos c\u00f3mo le gusta utilizar nuestra web. Un ejemplo de ello ser\u00eda recordarle, de qu\u00e9 forma le ofrecemos el mismo contenido o recordarle sus preferencias la pr\u00f3xima vez que visite nuestra web.<\/p>\n<p class=\"p2\"><b>Interacci\u00f3n social\u00a0<\/b>\u2013 Utilizamos las cookies para permitirle compartir contenido directamente en las redes sociales, como Facebook, Twitter o Google+. Un ejemplo ser\u00eda cuando usted hace clic en \u201cme gusta\u201d o \u201ctuitea\u201d sobre un negocio o producto anunciado en nuestra web.<\/p>\n<p class=\"p2\">\u00bfPuedo rechazar o excluir la recepci\u00f3n de cookies?<\/p>\n<p class=\"p2\">Si usted quiere rechazar o excluir la recepci\u00f3n de cookies aqu\u00ed tiene como:<\/p>\n<p class=\"p2\">Borre las cookies de su navegador. La mayor\u00eda de los navegadores le permiten evitar el almacenamiento en su equipo de todas las cookies o de algunas en adelante. Para m\u00e1s informaci\u00f3n sobre c\u00f3mo borrar o desactivar las cookies desde su navegador, utilice el men\u00fa de \u201cayuda\u201d del navegador.<\/p>\n<p class=\"p2\">Si s\u00f3lo desea rechazar todas o algunas de las cookies de terceros, deber\u00e1 visitar directamente la web del tercero pertinente para gestionar las cookies que \u00e9ste almacena en su equipo. Consulte nuestra secci\u00f3n \u201cCookies de terceros\u201d<\/p>\n<p class=\"p2\">Tenga en cuenta que desactivar las cookies puede afectar a las prestaciones de esta web.<\/p>\n<h5 class=\"p2\" style=\"text-align: left;\"><b>Cookies de terceros<\/b>:<\/h5>\n<p class=\"p2\">Algunas de las cookies incluidas en las categor\u00edas de cookies descritas anteriormente, las almacenamos terceros en su equipo cuando usted utiliza nuestra web. No tenemos ning\u00fan control sobre estas cookies o la forma en que las utilizan los terceros. Se utilizan para permitir al tercero prestar un servicio, por ejemplo, de an\u00e1lisis.<\/p>\n<p class=\"p2\">Para m\u00e1s informaci\u00f3n sobre estas cookies y sobre c\u00f3mo deshabilitarlas, consulte la pol\u00edtica de privacidad individual de terceros que figura a continuaci\u00f3n:<\/p>\n<p>&nbsp;<\/p>\n<p class=\"p2\"><strong>Adobe \/ Omniture<\/strong><\/p>\n<p class=\"p2\">Tipo y finalidad: Anal\u00edticas<\/p>\n<p class=\"p2\">Omniture proporciona datos an\u00f3nimos sobre las visitas a nuestra web y nos permite realizar pruebas y evaluar la mejor manera de presentar la web a nuestros usuarios.<\/p>\n<p class=\"p2\">M\u00e1s informaci\u00f3n y desactivaci\u00f3n:<\/p>\n<p class=\"p3\"><span class=\"s2\"><a href=\"http:\/\/www.adobe.com\/privacy\/analytics.html\">http:\/\/www.adobe.com\/privacy\/analytics.html<\/a><\/span><\/p>\n<p>&nbsp;<\/p>\n<p class=\"p2\"><strong>addthis<\/strong><\/p>\n<p class=\"p2\">Tipo y finalidad: Interacci\u00f3n social AddThis permite que la web sea compartida en redes sociales como Google+, Facebook, etc.<\/p>\n<p class=\"p2\">M\u00e1s informaci\u00f3n y desactivaci\u00f3n:<\/p>\n<p class=\"p2\">http:\/\/www.addthis.com\/privacy\/privacy-policy<\/p>\n<p>&nbsp;<\/p>\n<p class=\"p2\"><strong>Google<\/strong><\/p>\n<p class=\"p2\">Tipo y finalidad: Ubicaci\u00f3n<\/p>\n<p class=\"p2\">Google Maps proporciona un servicio de mapas. Registra el origen del usuario y las keywords utilizadas. Genera un prefijo \u00fanico con fines anal\u00edticos.<\/p>\n<p class=\"p2\">Tipo y finalidad: Anal\u00edticas<\/p>\n<p class=\"p2\">Google proporciona datos an\u00f3nimos sobre las visitas a la p\u00e1gina web.<\/p>\n<p class=\"p2\">Tipo y finalidad: V\u00eddeos<\/p>\n<p class=\"p2\">Youtube permite la subida y visualizaci\u00f3n de v\u00eddeos. Servir cookies para medir las visualizaciones o registrar eventos.<\/p>\n<p class=\"p2\">Tipo y finalidad: Interacci\u00f3n Social<\/p>\n<p class=\"p2\">Google permite que la informaci\u00f3n de la WEB sea compartida en su red social, Google+<\/p>\n<p class=\"p2\">M\u00e1s informaci\u00f3n y desactivaci\u00f3n:<\/p>\n<p class=\"p3\"><span class=\"s2\"><a href=\"http:\/\/www.google.com\/policies\/privacy\/\">http:\/\/www.google.com\/policies\/privacy\/<\/a><\/span><\/p>\n<p class=\"p3\"><span class=\"s2\"><a href=\"https:\/\/developers.google.com\/analytics\/devguides\/collection\/analyticsjs\/cookie-usage?hl=es\">https:\/\/developers.google.com\/analytics\/devguides\/collection\/analyticsjs\/cookie-usage?hl=es<\/a><\/span><\/p>\n<p>&nbsp;<\/p>\n<p class=\"p2\"><strong>WebsPlanet<\/strong><\/p>\n<p class=\"p2\">Tipo y finalidad: Esenciales y de usuario<\/p>\n<p class=\"p2\">WebsPlanet utiliza cookies que permiten recordar el idioma de preferencia del usuario y le permiten mantener su sesi\u00f3n<\/p>\n<p class=\"p2\">Esta p\u00e1gina web puede incluir adicionalmente otras cookies de redes sociales.<\/p>\n<p class=\"p2\">Reservado el derecho a actualizar oportunamente esta pol\u00edtica, de modo que muchos de ustedes puede comprobarla cada vez que visite nuestra web. Esta pol\u00edtica fue modificada por \u00faltima vez el 1 de enero de 2015.<\/p>\n\n\t\t<\/div>\n\t<\/div>\n<div class=\"vc_empty_space\"   style=\"height: 120px\"><span class=\"vc_empty_space_inner\"><\/span><\/div><\/div><\/div><\/div><\/div>\n<\/section>","protected":false},"excerpt":{"rendered":"\u00bfQu\u00e9 son las cookies o cookies? Las cookies son archivos de informaci\u00f3n almacenados en su ordenador, tablet o smartphone que ayudan a las p\u00e1ginas web a recordar qui\u00e9n es usted y la informaci\u00f3n de su visita. Las cookies pueden ayudar a que la informaci\u00f3n se visualice en una p\u00e1gina web de forma af\u00edn a sus intereses. La mayor\u00eda de las principales p\u00e1ginas web utilizan cookies. Qu\u00e9 cookies se utilizan en esta p\u00e1gina web: Las cookies que utilizamos en esta p\u00e1gina [...]","protected":false},"author":1,"featured_media":0,"parent":0,"menu_order":0,"comment_status":"closed","ping_status":"closed","template":"","meta":{"inline_featured_image":false,"footnotes":""},"yoast_head":"<!-- This site is optimized with the Yoast SEO plugin v21.7 - https:\/\/yoast.com\/wordpress\/plugins\/seo\/ -->\n<title>Pol\u00edtica de cookies - Mariona Escoda - Web oficial<\/title>\n<meta name=\"robots\" content=\"index, follow, max-snippet:-1, max-image-preview:large, max-video-preview:-1\" \/>\n<link rel=\"canonical\" href=\"https:\/\/www.marionaescoda.com\/es\/politica-cookies\/\" \/>\n<meta property=\"og:locale\" content=\"es_ES\" \/>\n<meta property=\"og:type\" content=\"article\" \/>\n<meta property=\"og:title\" content=\"Pol\u00edtica de cookies - Mariona Escoda - Web oficial\" \/>\n<meta property=\"og:url\" content=\"https:\/\/www.marionaescoda.com\/es\/politica-cookies\/\" \/>\n<meta property=\"og:site_name\" content=\"Mariona Escoda - Web oficial\" \/>\n<meta property=\"article:publisher\" content=\"https:\/\/www.facebook.com\/marionaescodasendra\/\" \/>\n<meta property=\"article:modified_time\" content=\"2023-11-08T10:29:54+00:00\" \/>\n<meta name=\"twitter:card\" content=\"summary_large_image\" \/>\n<meta name=\"twitter:site\" content=\"@marionaescoda\" \/>\n<meta name=\"twitter:label1\" content=\"Tiempo de lectura\" \/>\n\t<meta name=\"twitter:data1\" content=\"4 minutos\" \/>\n<script type=\"application\/ld+json\" class=\"yoast-schema-graph\">{\"@context\":\"https:\/\/schema.org\",\"@graph\":[{\"@type\":\"WebPage\",\"@id\":\"https:\/\/www.marionaescoda.com\/politica-cookies\/\",\"url\":\"https:\/\/www.marionaescoda.com\/politica-cookies\/\",\"name\":\"Pol\u00edtica de cookies - Mariona Escoda - Web oficial\",\"isPartOf\":{\"@id\":\"https:\/\/www.marionaescoda.com\/#website\"},\"datePublished\":\"2023-10-19T08:38:29+00:00\",\"dateModified\":\"2023-11-08T10:29:54+00:00\",\"breadcrumb\":{\"@id\":\"https:\/\/www.marionaescoda.com\/politica-cookies\/#breadcrumb\"},\"inLanguage\":\"es\",\"potentialAction\":[{\"@type\":\"ReadAction\",\"target\":[\"https:\/\/www.marionaescoda.com\/politica-cookies\/\"]}]},{\"@type\":\"BreadcrumbList\",\"@id\":\"https:\/\/www.marionaescoda.com\/politica-cookies\/#breadcrumb\",\"itemListElement\":[{\"@type\":\"ListItem\",\"position\":1,\"name\":\"Inici\",\"item\":\"https:\/\/www.marionaescoda.com\/\"},{\"@type\":\"ListItem\",\"position\":2,\"name\":\"Pol\u00edtica de cookies\"}]},{\"@type\":\"WebSite\",\"@id\":\"https:\/\/www.marionaescoda.com\/#website\",\"url\":\"https:\/\/www.marionaescoda.com\/\",\"name\":\"Mariona Escoda - Web oficial\",\"description\":\"Cantant, compositora i int\u00e8rpret\",\"publisher\":{\"@id\":\"https:\/\/www.marionaescoda.com\/#\/schema\/person\/c7174fb3087bfd1ec18042f5ac315b24\"},\"potentialAction\":[{\"@type\":\"SearchAction\",\"target\":{\"@type\":\"EntryPoint\",\"urlTemplate\":\"https:\/\/www.marionaescoda.com\/?s={search_term_string}\"},\"query-input\":\"required name=search_term_string\"}],\"inLanguage\":\"es\"},{\"@type\":[\"Person\",\"Organization\"],\"@id\":\"https:\/\/www.marionaescoda.com\/#\/schema\/person\/c7174fb3087bfd1ec18042f5ac315b24\",\"name\":\"Mariona Escoda\",\"image\":{\"@type\":\"ImageObject\",\"inLanguage\":\"es\",\"@id\":\"https:\/\/www.marionaescoda.com\/#\/schema\/person\/image\/\",\"url\":\"https:\/\/www.marionaescoda.com\/wp-content\/uploads\/2023\/11\/LOGO_MARIONA_NEGRE_184x80.png\",\"contentUrl\":\"https:\/\/www.marionaescoda.com\/wp-content\/uploads\/2023\/11\/LOGO_MARIONA_NEGRE_184x80.png\",\"width\":184,\"height\":80,\"caption\":\"Mariona Escoda\"},\"logo\":{\"@id\":\"https:\/\/www.marionaescoda.com\/#\/schema\/person\/image\/\"},\"sameAs\":[\"https:\/\/www.facebook.com\/marionaescodasendra\/\",\"https:\/\/www.instagram.com\/marionaescoda\/\",\"https:\/\/twitter.com\/https:\/\/twitter.com\/marionaescoda\",\"https:\/\/www.youtube.com\/channel\/UC_97DSVzzRp28ew8nKB255g\"]}]}<\/script>\n<!-- \/ Yoast SEO plugin. -->","yoast_head_json":{"title":"Pol\u00edtica de cookies - Mariona Escoda - Web oficial","robots":{"index":"index","follow":"follow","max-snippet":"max-snippet:-1","max-image-preview":"max-image-preview:large","max-video-preview":"max-video-preview:-1"},"canonical":"https:\/\/www.marionaescoda.com\/es\/politica-cookies\/","og_locale":"es_ES","og_type":"article","og_title":"Pol\u00edtica de cookies - Mariona Escoda - Web oficial","og_url":"https:\/\/www.marionaescoda.com\/es\/politica-cookies\/","og_site_name":"Mariona Escoda - Web oficial","article_publisher":"https:\/\/www.facebook.com\/marionaescodasendra\/","article_modified_time":"2023-11-08T10:29:54+00:00","twitter_card":"summary_large_image","twitter_site":"@marionaescoda","twitter_misc":{"Tiempo de lectura":"4 minutos"},"schema":{"@context":"https:\/\/schema.org","@graph":[{"@type":"WebPage","@id":"https:\/\/www.marionaescoda.com\/politica-cookies\/","url":"https:\/\/www.marionaescoda.com\/politica-cookies\/","name":"Pol\u00edtica de cookies - Mariona Escoda - Web oficial","isPartOf":{"@id":"https:\/\/www.marionaescoda.com\/#website"},"datePublished":"2023-10-19T08:38:29+00:00","dateModified":"2023-11-08T10:29:54+00:00","breadcrumb":{"@id":"https:\/\/www.marionaescoda.com\/politica-cookies\/#breadcrumb"},"inLanguage":"es","potentialAction":[{"@type":"ReadAction","target":["https:\/\/www.marionaescoda.com\/politica-cookies\/"]}]},{"@type":"BreadcrumbList","@id":"https:\/\/www.marionaescoda.com\/politica-cookies\/#breadcrumb","itemListElement":[{"@type":"ListItem","position":1,"name":"Inici","item":"https:\/\/www.marionaescoda.com\/"},{"@type":"ListItem","position":2,"name":"Pol\u00edtica de cookies"}]},{"@type":"WebSite","@id":"https:\/\/www.marionaescoda.com\/#website","url":"https:\/\/www.marionaescoda.com\/","name":"Mariona Escoda - Web oficial","description":"Cantant, compositora i int\u00e8rpret","publisher":{"@id":"https:\/\/www.marionaescoda.com\/#\/schema\/person\/c7174fb3087bfd1ec18042f5ac315b24"},"potentialAction":[{"@type":"SearchAction","target":{"@type":"EntryPoint","urlTemplate":"https:\/\/www.marionaescoda.com\/?s={search_term_string}"},"query-input":"required name=search_term_string"}],"inLanguage":"es"},{"@type":["Person","Organization"],"@id":"https:\/\/www.marionaescoda.com\/#\/schema\/person\/c7174fb3087bfd1ec18042f5ac315b24","name":"Mariona Escoda","image":{"@type":"ImageObject","inLanguage":"es","@id":"https:\/\/www.marionaescoda.com\/#\/schema\/person\/image\/","url":"https:\/\/www.marionaescoda.com\/wp-content\/uploads\/2023\/11\/LOGO_MARIONA_NEGRE_184x80.png","contentUrl":"https:\/\/www.marionaescoda.com\/wp-content\/uploads\/2023\/11\/LOGO_MARIONA_NEGRE_184x80.png","width":184,"height":80,"caption":"Mariona Escoda"},"logo":{"@id":"https:\/\/www.marionaescoda.com\/#\/schema\/person\/image\/"},"sameAs":["https:\/\/www.facebook.com\/marionaescodasendra\/","https:\/\/www.instagram.com\/marionaescoda\/","https:\/\/twitter.com\/https:\/\/twitter.com\/marionaescoda","https:\/\/www.youtube.com\/channel\/UC_97DSVzzRp28ew8nKB255g"]}]}},"jetpack_sharing_enabled":true,"_links":{"self":[{"href":"https:\/\/www.marionaescoda.com\/es\/wp-json\/wp\/v2\/pages\/5126"}],"collection":[{"href":"https:\/\/www.marionaescoda.com\/es\/wp-json\/wp\/v2\/pages"}],"about":[{"href":"https:\/\/www.marionaescoda.com\/es\/wp-json\/wp\/v2\/types\/page"}],"author":[{"embeddable":true,"href":"https:\/\/www.marionaescoda.com\/es\/wp-json\/wp\/v2\/users\/1"}],"replies":[{"embeddable":true,"href":"https:\/\/www.marionaescoda.com\/es\/wp-json\/wp\/v2\/comments?post=5126"}],"version-history":[{"count":5,"href":"https:\/\/www.marionaescoda.com\/es\/wp-json\/wp\/v2\/pages\/5126\/revisions"}],"predecessor-version":[{"id":5422,"href":"https:\/\/www.marionaescoda.com\/es\/wp-json\/wp\/v2\/pages\/5126\/revisions\/5422"}],"wp:attachment":[{"href":"https:\/\/www.marionaescoda.com\/es\/wp-json\/wp\/v2\/media?parent=5126"}],"curies":[{"name":"wp","href":"https:\/\/api.w.org\/{rel}","templated":true}]}}