{"id":69,"date":"2015-04-01T17:22:06","date_gmt":"2015-04-01T17:22:06","guid":{"rendered":"http:\/\/www.marionaescoda.com\/?page_id=69"},"modified":"2020-08-26T23:08:36","modified_gmt":"2020-08-26T23:08:36","slug":"bio","status":"publish","type":"page","link":"https:\/\/www.marionaescoda.com\/es\/bio\/","title":{"rendered":"ABOUT"},"content":{"rendered":"<section class=\"wpb-content-wrapper\"><div  class=\"vc_row wpb_row vc_row-fluid full_width has-bg-video\"><div class=\"bg-video-wrap\"><video class=\"bg-video\" data-object-fit=\"cover\" poster=\"https:\/\/www.marionaescoda.com\/wp-content\/uploads\/2015\/04\/THERISE_videobio_bg-e14305024651171-1024x578.jpg\" preload=\"auto\" loop autoplay muted><source type=\"video\/mp4\" src=\"https:\/\/irontemplates.com\/marketing\/common\/videos\/FWRDtherise_bio_bg.mp4\"><source type=\"video\/webm\" src=\"https:\/\/irontemplates.com\/marketing\/common\/videos\/FWRDtherise_bio_bg.webm\"><\/video><\/div><div class=\"wpb_column vc_column_container vc_col-sm-12\"><div class=\"vc_column-inner\"><div class=\"wpb_wrapper\">\r\n\t<div class=\"wpb_single_image wpb_content_element vc_align_center\">\r\n\t\t\r\n\t\t<figure class=\"wpb_wrapper vc_figure\">\r\n\t\t\t<div class=\"vc_single_image-wrapper img_fullwidth   vc_box_border_grey\"><img width=\"1024\" height=\"581\" src=\"https:\/\/www.marionaescoda.com\/wp-content\/uploads\/2015\/04\/THERISE_bio_bg1-1024x581.png\" class=\"vc_single_image-img attachment-large\" alt=\"\" decoding=\"async\" title=\"THERISE_bio_bg\" loading=\"lazy\" srcset=\"https:\/\/www.marionaescoda.com\/wp-content\/uploads\/2015\/04\/THERISE_bio_bg1-1024x581.png 1024w, https:\/\/www.marionaescoda.com\/wp-content\/uploads\/2015\/04\/THERISE_bio_bg1-559x317.png 559w, https:\/\/www.marionaescoda.com\/wp-content\/uploads\/2015\/04\/THERISE_bio_bg1-768x436.png 768w, https:\/\/www.marionaescoda.com\/wp-content\/uploads\/2015\/04\/THERISE_bio_bg1.png 1400w\" sizes=\"(max-width: 1024px) 100vw, 1024px\" \/><\/div>\r\n\t\t<\/figure>\r\n\t<\/div>\r\n<\/div><\/div><\/div><\/div><div  class=\"vc_row wpb_row vc_row-fluid vc_custom_1428420945400 full_width tabletnopadding\"><div class=\"wpb_column vc_column_container vc_col-sm-12\"><div class=\"vc_column-inner\"><div class=\"wpb_wrapper\"><div class=\"vc_empty_space\"   style=\"height: 68px\"><span class=\"vc_empty_space_inner\"><\/span><\/div><h2 style=\"font-size: 30pt;color: #000000;line-height: 30pt;text-align: center;font-family:Spinnaker;font-weight:400;font-style:normal\" class=\"vc_custom_heading .let_spac_6\">BIOGRAPHY<\/h2><div class=\"vc_empty_space\"   style=\"height: 58px\"><span class=\"vc_empty_space_inner\"><\/span><\/div><\/div><\/div><\/div><\/div><div  class=\"vc_row wpb_row vc_row-fluid full_width tabletnopadding\"><div class=\"wpb_column vc_column_container vc_col-sm-7 vc_hidden-md vc_hidden-sm vc_hidden-xs vc_col-has-fill\"><div class=\"vc_column-inner vc_custom_1432582718138\"><div class=\"wpb_wrapper\"><div class=\"vc_empty_space\"   style=\"height: 670px\"><span class=\"vc_empty_space_inner\"><\/span><\/div><\/div><\/div><\/div><div class=\"center_col wpb_column vc_column_container vc_col-sm-12 vc_col-lg-5 vc_col-md-12 vc_col-xs-12\"><div class=\"vc_column-inner vc_custom_1432650270927\"><div class=\"wpb_wrapper\"><div class=\"vc_empty_space\"   style=\"height: 70px\"><span class=\"vc_empty_space_inner\"><\/span><\/div>\n\t<div class=\"wpb_text_column wpb_content_element\" >\n\t\t<div class=\"wpb_wrapper\">\n\t\t\t<p style=\"font-weight: 600; font-size: 24px; text-align: left;\">Where it all began<\/p>\n<p style=\"max-width: 650px; text-align: left;\">Puedo vulputate diam at congue facilisis. In hac habitasse platea dictumst. Phasellus aliquam tortor lorem, ac aliquam felis fringilla sit ama. Craso dapibus eros at diam tempor, ac cursus odio suscipido. Sed rhoncus eros lobortis gravida finibus. Ut in ipsum dapibus, finibus nula velo, voluntpado m\u00ed. Curabitur elementum semper bibendum. Quienes ajetreados ante quienes tellus interdum vestibulum. Doy ut lacus m\u00ed. Class aptent taciti sociosqu ad litora torciendo por conubia nuestra, por inceptos himenaeos. Suspendido sit \u00e1nimo ipsum aleque, dictum ante tempor, tempus nisl. Aenean facilisis ipsum sit ame porttitor interdum.<\/p>\n<p style=\"max-width: 650px; text-align: left;\">iaculis est dui at arcu. Pellentesque habitante morbi tristique senectus et limpios te malesuada famas ac turpis egestas. Proin quis nisi at lectus lacinia blandit eu at dui. Sed enim turpis<\/p>\n\n\t\t<\/div>\n\t<\/div>\n<\/div><\/div><\/div><\/div><div  class=\"vc_row wpb_row vc_row-fluid full_width tabletnopadding\"><div class=\"center_col wpb_column vc_column_container vc_col-sm-12 vc_col-lg-7 vc_col-md-12 vc_col-xs-12\"><div class=\"vc_column-inner vc_custom_1432651150321\"><div class=\"wpb_wrapper\"><div class=\"vc_empty_space\"   style=\"height: 70px\"><span class=\"vc_empty_space_inner\"><\/span><\/div>\n\t<div class=\"wpb_text_column wpb_content_element  vc_custom_1432649628930\" >\n\t\t<div class=\"wpb_wrapper\">\n\t\t\t<p style=\"font-weight: 600; font-size: 24px; text-align: left;\">From East to West<\/p>\n<p style=\"max-width: 650px; text-align: left;\">Lleve porttitor augue euismod ante tempus, in faucibus augue dictum. Aliquam nula lectus, vehicula vitae condimentum vitae, vestibulum et leo. Aliquam a consectetur tellus. Sed posuere dapibus justo. Nulla eu risus fermentum, aliquam odio consectetur, vestibulum nisl. Ud lacinia eget ex te feugiado. Aliquam era volutpado. Integer molestie nunc sed turpis semper, eget dapibus ex puerta.<\/p>\n<p style=\"max-width: 650px; text-align: left;\">Suspende a magna sepian. Mauris mollis, est varices egestas hendrerit, saben cuan fringilla dui, sit alme iaculis est dui at arcu. Pellentesque habitante morbi tristique senectus et limpios te malesuada famas ac turpis egestas. Proin quis nisi at lectus lacinia blandit eu at dui. Sied enim turpis, ajetreado ut facilisis eu, volutpat non arcu. Integer at lectus et purus pellentesque interdum. Etiam feugiado, leo eget sagittis venenatis, turpis ipsum consectetur diam, vitae pulvinar nibh est quis sem. Etiam nec lacus in sem malesuada tempor eu vitae tellus.<\/p>\n<p style=\"font-weight: 600; font-size: 24px; text-align: left;\">Discover my music, my inspirations<\/p>\n<p style=\"max-width: 650px; text-align: left;\">Lleve porttitor augue euismod ante tempus, in faucibus augue dictum. Aliquam nula lectus, vehicula vitae condimentum vitae, vestibulum et leo. Aliquam a consectetur tellus. Sed posuere dapibus justo. Nulla eu risus fermentum, aliquam odio consectetur, vestibulum nisl. Ud lacinia eget ex te feugiado. Aliquam era volutpado. Integer molestie nunc sed turpis semper, eget dapibus ex puerta.<\/p>\n<blockquote style=\"max-width: 600px; background-color: #ffffff; border-color: #e5e5e5; text-align: left;\"><p>\n<span style=\"color: #91224c; font-size: 23px; line-height: 1; text-align: left;\">\u00ab Example of a quote or texto emphasis nemo enim ipsam voluptatem texto in bold sit aspernatur aut odit aut huido nam libero tempore \u00bb<\/span><span style=\"color: #343434; font-size: 13px; line-height: 3; font-style: italic; text-align: left;\"><br \/>\n\u2013 Princess Diana<\/span>\n<\/p><\/blockquote>\n\n\t\t<\/div>\n\t<\/div>\n\r\n\t<a target=\"_self\" data-hoverbg=\"#91224c\" data-hoverborder=\"#91224c\" data-hovertext=\"#ffffff\"  class=\"button-widget left\" href=\"https:\/\/www.marionaescoda.com\/es\/music\/music-2-columns\/\" style=\"padding-left:px; padding-right:px; padding-top:px; padding-bottom:px; border-width:1px; border-radius:0px; border-color:#91224c; background-color:; color:#91224c\">GO TO MUSIC<\/a><div class=\"clear button-clear\"><\/div><\/div><\/div><\/div><div class=\"wpb_column vc_column_container vc_col-sm-5 vc_hidden-md vc_hidden-sm vc_hidden-xs vc_col-has-fill\"><div class=\"vc_column-inner vc_custom_1432582744250\"><div class=\"wpb_wrapper\"><div class=\"vc_empty_space\"   style=\"height: 100vh\"><span class=\"vc_empty_space_inner\"><\/span><\/div><\/div><\/div><\/div><\/div>\n<\/section>","protected":false},"excerpt":{"rendered":"BIOGRAPHY Where it all began Done vulputate diam at congue facilisis. In hac habitasse platea dictumst. Phasellus aliquam tortor lorem, ac aliquam felis fringilla sit ama. Craso dapibus eros at diam tempor, ac cursus odio suscipido. Sed rhoncus eros lobortis gravida finibus. Ut in ipsum dapibus, finibus nula velo, voluntpado m\u00ed. Curabitur elementum semper bibendum. Quienes ajetreados ante quienes tellus interdum vestibulum. Doy ut lacus m\u00ed. Class aptent taciti sociosqu ad litora torciendo por conubia nuestra, por inceptos himenaeos. Suspendencia [...]","protected":false},"author":1,"featured_media":0,"parent":0,"menu_order":4,"comment_status":"closed","ping_status":"closed","template":"","meta":{"inline_featured_image":false,"footnotes":""},"yoast_head":"<!-- This site is optimized with the Yoast SEO plugin v21.7 - https:\/\/yoast.com\/wordpress\/plugins\/seo\/ -->\n<title>ABOUT - Mariona Escoda - Web oficial<\/title>\n<meta name=\"robots\" content=\"index, follow, max-snippet:-1, max-image-preview:large, max-video-preview:-1\" \/>\n<link rel=\"canonical\" href=\"https:\/\/www.marionaescoda.com\/es\/bio\/\" \/>\n<meta property=\"og:locale\" content=\"es_ES\" \/>\n<meta property=\"og:type\" content=\"article\" \/>\n<meta property=\"og:title\" content=\"ABOUT - Mariona Escoda - Web oficial\" \/>\n<meta property=\"og:url\" content=\"https:\/\/www.marionaescoda.com\/es\/bio\/\" \/>\n<meta property=\"og:site_name\" content=\"Mariona Escoda - Web oficial\" \/>\n<meta property=\"article:publisher\" content=\"https:\/\/www.facebook.com\/marionaescodasendra\/\" \/>\n<meta property=\"article:modified_time\" content=\"2020-08-26T23:08:36+00:00\" \/>\n<meta name=\"twitter:card\" content=\"summary_large_image\" \/>\n<meta name=\"twitter:site\" content=\"@marionaescoda\" \/>\n<meta name=\"twitter:label1\" content=\"Tiempo de lectura\" \/>\n\t<meta name=\"twitter:data1\" content=\"4 minutos\" \/>\n<script type=\"application\/ld+json\" class=\"yoast-schema-graph\">{\"@context\":\"https:\/\/schema.org\",\"@graph\":[{\"@type\":\"WebPage\",\"@id\":\"https:\/\/www.marionaescoda.com\/bio\/\",\"url\":\"https:\/\/www.marionaescoda.com\/bio\/\",\"name\":\"ABOUT - Mariona Escoda - Web oficial\",\"isPartOf\":{\"@id\":\"https:\/\/www.marionaescoda.com\/#website\"},\"datePublished\":\"2015-04-01T17:22:06+00:00\",\"dateModified\":\"2020-08-26T23:08:36+00:00\",\"breadcrumb\":{\"@id\":\"https:\/\/www.marionaescoda.com\/bio\/#breadcrumb\"},\"inLanguage\":\"es\",\"potentialAction\":[{\"@type\":\"ReadAction\",\"target\":[\"https:\/\/www.marionaescoda.com\/bio\/\"]}]},{\"@type\":\"BreadcrumbList\",\"@id\":\"https:\/\/www.marionaescoda.com\/bio\/#breadcrumb\",\"itemListElement\":[{\"@type\":\"ListItem\",\"position\":1,\"name\":\"Inici\",\"item\":\"https:\/\/www.marionaescoda.com\/\"},{\"@type\":\"ListItem\",\"position\":2,\"name\":\"ABOUT\"}]},{\"@type\":\"WebSite\",\"@id\":\"https:\/\/www.marionaescoda.com\/#website\",\"url\":\"https:\/\/www.marionaescoda.com\/\",\"name\":\"Mariona Escoda - Web oficial\",\"description\":\"Cantant, compositora i int\u00e8rpret\",\"publisher\":{\"@id\":\"https:\/\/www.marionaescoda.com\/#\/schema\/person\/c7174fb3087bfd1ec18042f5ac315b24\"},\"potentialAction\":[{\"@type\":\"SearchAction\",\"target\":{\"@type\":\"EntryPoint\",\"urlTemplate\":\"https:\/\/www.marionaescoda.com\/?s={search_term_string}\"},\"query-input\":\"required name=search_term_string\"}],\"inLanguage\":\"es\"},{\"@type\":[\"Person\",\"Organization\"],\"@id\":\"https:\/\/www.marionaescoda.com\/#\/schema\/person\/c7174fb3087bfd1ec18042f5ac315b24\",\"name\":\"Mariona Escoda\",\"image\":{\"@type\":\"ImageObject\",\"inLanguage\":\"es\",\"@id\":\"https:\/\/www.marionaescoda.com\/#\/schema\/person\/image\/\",\"url\":\"https:\/\/www.marionaescoda.com\/wp-content\/uploads\/2023\/11\/LOGO_MARIONA_NEGRE_184x80.png\",\"contentUrl\":\"https:\/\/www.marionaescoda.com\/wp-content\/uploads\/2023\/11\/LOGO_MARIONA_NEGRE_184x80.png\",\"width\":184,\"height\":80,\"caption\":\"Mariona Escoda\"},\"logo\":{\"@id\":\"https:\/\/www.marionaescoda.com\/#\/schema\/person\/image\/\"},\"sameAs\":[\"https:\/\/www.facebook.com\/marionaescodasendra\/\",\"https:\/\/www.instagram.com\/marionaescoda\/\",\"https:\/\/twitter.com\/https:\/\/twitter.com\/marionaescoda\",\"https:\/\/www.youtube.com\/channel\/UC_97DSVzzRp28ew8nKB255g\"]}]}<\/script>\n<!-- \/ Yoast SEO plugin. -->","yoast_head_json":{"title":"ABOUT - Mariona Escoda - Web oficial","robots":{"index":"index","follow":"follow","max-snippet":"max-snippet:-1","max-image-preview":"max-image-preview:large","max-video-preview":"max-video-preview:-1"},"canonical":"https:\/\/www.marionaescoda.com\/es\/bio\/","og_locale":"es_ES","og_type":"article","og_title":"ABOUT - Mariona Escoda - Web oficial","og_url":"https:\/\/www.marionaescoda.com\/es\/bio\/","og_site_name":"Mariona Escoda - Web oficial","article_publisher":"https:\/\/www.facebook.com\/marionaescodasendra\/","article_modified_time":"2020-08-26T23:08:36+00:00","twitter_card":"summary_large_image","twitter_site":"@marionaescoda","twitter_misc":{"Tiempo de lectura":"4 minutos"},"schema":{"@context":"https:\/\/schema.org","@graph":[{"@type":"WebPage","@id":"https:\/\/www.marionaescoda.com\/bio\/","url":"https:\/\/www.marionaescoda.com\/bio\/","name":"ABOUT - Mariona Escoda - Web oficial","isPartOf":{"@id":"https:\/\/www.marionaescoda.com\/#website"},"datePublished":"2015-04-01T17:22:06+00:00","dateModified":"2020-08-26T23:08:36+00:00","breadcrumb":{"@id":"https:\/\/www.marionaescoda.com\/bio\/#breadcrumb"},"inLanguage":"es","potentialAction":[{"@type":"ReadAction","target":["https:\/\/www.marionaescoda.com\/bio\/"]}]},{"@type":"BreadcrumbList","@id":"https:\/\/www.marionaescoda.com\/bio\/#breadcrumb","itemListElement":[{"@type":"ListItem","position":1,"name":"Inici","item":"https:\/\/www.marionaescoda.com\/"},{"@type":"ListItem","position":2,"name":"ABOUT"}]},{"@type":"WebSite","@id":"https:\/\/www.marionaescoda.com\/#website","url":"https:\/\/www.marionaescoda.com\/","name":"Mariona Escoda - Web oficial","description":"Cantant, compositora i int\u00e8rpret","publisher":{"@id":"https:\/\/www.marionaescoda.com\/#\/schema\/person\/c7174fb3087bfd1ec18042f5ac315b24"},"potentialAction":[{"@type":"SearchAction","target":{"@type":"EntryPoint","urlTemplate":"https:\/\/www.marionaescoda.com\/?s={search_term_string}"},"query-input":"required name=search_term_string"}],"inLanguage":"es"},{"@type":["Person","Organization"],"@id":"https:\/\/www.marionaescoda.com\/#\/schema\/person\/c7174fb3087bfd1ec18042f5ac315b24","name":"Mariona Escoda","image":{"@type":"ImageObject","inLanguage":"es","@id":"https:\/\/www.marionaescoda.com\/#\/schema\/person\/image\/","url":"https:\/\/www.marionaescoda.com\/wp-content\/uploads\/2023\/11\/LOGO_MARIONA_NEGRE_184x80.png","contentUrl":"https:\/\/www.marionaescoda.com\/wp-content\/uploads\/2023\/11\/LOGO_MARIONA_NEGRE_184x80.png","width":184,"height":80,"caption":"Mariona Escoda"},"logo":{"@id":"https:\/\/www.marionaescoda.com\/#\/schema\/person\/image\/"},"sameAs":["https:\/\/www.facebook.com\/marionaescodasendra\/","https:\/\/www.instagram.com\/marionaescoda\/","https:\/\/twitter.com\/https:\/\/twitter.com\/marionaescoda","https:\/\/www.youtube.com\/channel\/UC_97DSVzzRp28ew8nKB255g"]}]}},"jetpack_sharing_enabled":true,"_links":{"self":[{"href":"https:\/\/www.marionaescoda.com\/es\/wp-json\/wp\/v2\/pages\/69"}],"collection":[{"href":"https:\/\/www.marionaescoda.com\/es\/wp-json\/wp\/v2\/pages"}],"about":[{"href":"https:\/\/www.marionaescoda.com\/es\/wp-json\/wp\/v2\/types\/page"}],"author":[{"embeddable":true,"href":"https:\/\/www.marionaescoda.com\/es\/wp-json\/wp\/v2\/users\/1"}],"replies":[{"embeddable":true,"href":"https:\/\/www.marionaescoda.com\/es\/wp-json\/wp\/v2\/comments?post=69"}],"version-history":[{"count":0,"href":"https:\/\/www.marionaescoda.com\/es\/wp-json\/wp\/v2\/pages\/69\/revisions"}],"wp:attachment":[{"href":"https:\/\/www.marionaescoda.com\/es\/wp-json\/wp\/v2\/media?parent=69"}],"curies":[{"name":"wp","href":"https:\/\/api.w.org\/{rel}","templated":true}]}}